{"id":2594,"date":"2022-02-09T12:42:57","date_gmt":"2022-02-09T17:42:57","guid":{"rendered":"https:\/\/onzesurdix.ca\/lecote\/?page_id=2594"},"modified":"2024-05-23T12:01:26","modified_gmt":"2024-05-23T16:01:26","slug":"libro-beloeil","status":"publish","type":"page","link":"https:\/\/lecote.ca\/fr\/libro-beloeil\/","title":{"rendered":"Libro-Beloeil"},"content":{"rendered":"<div data-elementor-type=\"wp-page\" data-elementor-id=\"2594\" class=\"elementor elementor-2594\">\n\t\t\t\t\t\t\t\t\t<div data-particle_enable=\"false\" data-particle-mobile-disabled=\"false\" class=\"elementor-section elementor-top-section elementor-element elementor-element-47338c8 elementor-section-full_width elementor-section-height-default elementor-section-height-default elementor-invisible\" data-id=\"47338c8\" data-element_type=\"section\" data-settings=\"{&quot;animation&quot;:&quot;fadeIn&quot;}\">\r\n\t\t\t\t\t\t\t\t\t\t<div class=\"elementor-container elementor-column-gap-no\" >\r\n\t\t\t\t\t\t\t\t\t\t\r\n\t\t<div class=\"elementor-column elementor-col-100 elementor-top-column elementor-element elementor-element-5a0ed95\" data-id=\"5a0ed95\" data-element_type=\"column\">\r\n\t\t\t\r\n\t\t\t<div class=\"elementor-widget-wrap elementor-element-populated\">\r\n\t\t\t\t\t\t\t\t<div class=\"elementor-element elementor-element-756c892 elementor-widget elementor-widget-spacer\" data-id=\"756c892\" data-element_type=\"widget\" data-widget_type=\"spacer.default\">\n\t\t\t\t<div class=\"elementor-widget-container\">\n\t\t\t<style>\/*! elementor - v3.6.1 - 23-03-2022 *\/\n.e-container.e-container--row .elementor-spacer-inner{width:var(--spacer-size)}.e-container.e-container--column .elementor-spacer-inner,.elementor-column .elementor-spacer-inner{height:var(--spacer-size)}<\/style>\t\t<div class=\"elementor-spacer\">\n\t\t\t<div class=\"elementor-spacer-inner\"><\/div>\n\t\t<\/div>\n\t\t\t\t<\/div>\n\t\t\t\t<\/div>\n\t\t\t\t<div class=\"elementor-element elementor-element-5beb0dd elementor-hidden-mobile elementor-widget elementor-widget-udesign_widget_banner\" data-id=\"5beb0dd\" data-element_type=\"widget\" data-settings=\"{&quot;_content_animation&quot;:&quot;fadeInDownShorter&quot;}\" data-widget_type=\"udesign_widget_banner.default\">\r\n\t\t\t\t<div class=\"elementor-widget-container\">\n\t\t\t<div class=\"banner banner-fixed\">\t<figure class=\"banner-img\">\r\n\t\t<img decoding=\"async\" width=\"1903\" height=\"490\" src=\"https:\/\/lecote.ca\/wp-content\/uploads\/2022\/02\/reservation-bannerB.png\" class=\"attachment-full size-full\" alt=\"\" style=\"background-color:#232426\" srcset=\"https:\/\/lecote.ca\/wp-content\/uploads\/2022\/02\/reservation-bannerB.png\" \/>\t<\/figure>\r\n\t<div class=\"container\"><div class=\"banner-content t-m\"><div class=\"appear-animate animated-\"  data-settings='{\"_animation\":\"fadeInDownShorter\",\"_animation_delay\":0}'><h2 class=\"banner-item elementor-repeater-item-7d6b063 item-block text\">R\u00e9server au C\u00f4te Beloeil<span class=\"text-primary\">.<\/span><\/h2><h5 class=\"banner-item elementor-repeater-item-4959e31 w-max-455 item-block text\">Bienvenue au C\u00f4te de Beloeil. Nous vous invitons \u00e0 r\u00e9server en ligne \u00e0 l\u2019aide du formulaire ci-dessous ou encore \u00e0 communiquer avec nous par t\u00e9l\u00e9phone.\n\n<\/h5><h5 class=\"banner-item elementor-repeater-item-3348198 w-max-455 item-block text\">Pour un \u00e9v\u00e9nement corporatif ou une r\u00e9servation de groupe, veuillez consulter la section \u00abGroupes\u00bb du site. Nous communiquerons avec vous dans un d\u00e9lai de 24h pour confirmer votre r\u00e9servation.<\/h5><\/div><\/div><\/div><\/div>\t\t<\/div>\n\t\t\t\t<\/div>\n\t\t\t\t<div class=\"elementor-element elementor-element-0a0fe46 elementor-hidden-desktop elementor-hidden-tablet elementor-widget elementor-widget-udesign_widget_banner\" data-id=\"0a0fe46\" data-element_type=\"widget\" data-settings=\"{&quot;_content_animation&quot;:&quot;fadeInDownShorter&quot;}\" data-widget_type=\"udesign_widget_banner.default\">\r\n\t\t\t\t<div class=\"elementor-widget-container\">\n\t\t\t<div class=\"banner banner-fixed\"><div class=\"container\"><div class=\"banner-content t-m\"><div class=\"appear-animate animated-\"  data-settings='{\"_animation\":\"fadeInDownShorter\",\"_animation_delay\":0}'><h2 class=\"banner-item elementor-repeater-item-7d6b063 item-block text\">R\u00e9server au C\u00f4te Beloeil<span class=\"text-primary\">.<\/span><\/h2><h5 class=\"banner-item elementor-repeater-item-4959e31 w-max-455 item-block text\">Bienvenue au C\u00f4te de Beloeil. Nous vous invitons \u00e0 r\u00e9server en ligne \u00e0 l\u2019aide du formulaire ci-dessous ou encore \u00e0 communiquer avec nous par t\u00e9l\u00e9phone.\n\n<\/h5><h5 class=\"banner-item elementor-repeater-item-3348198 w-max-455 item-block text\">Pour un \u00e9v\u00e9nement corporatif ou une r\u00e9servation de groupe, veuillez consulter la section \u00abGroupes\u00bb du site. Nous communiquerons avec vous dans un d\u00e9lai de 24h pour confirmer votre r\u00e9servation.<\/h5><\/div><\/div><\/div><\/div>\t\t<\/div>\n\t\t\t\t<\/div>\n\t\t\t\t\t<\/div>\r\n\t\t\t\r\n\t\t<\/div>\r\n\t\t\t\t\t\t\t\t\t\t\t\t\t\t\t\t\t<\/div>\r\n\t\t\t\t\t\t\t<\/div>\r\n\t\t\t\t<section data-particle_enable=\"false\" data-particle-mobile-disabled=\"false\" class=\"elementor-section elementor-top-section elementor-element elementor-element-0e50417 elementor-section-boxed elementor-section-height-default elementor-section-height-default\" data-id=\"0e50417\" data-element_type=\"section\">\r\n\t\t\t\t\t\t\t\t\t\t<div class=\"elementor-container elementor-column-gap-default\" >\r\n\t\t\t\t\t\t\t\t\t\t\r\n\t\t<div class=\"elementor-column elementor-col-100 elementor-top-column elementor-element elementor-element-c01e98a\" data-id=\"c01e98a\" data-element_type=\"column\">\r\n\t\t\t\r\n\t\t\t<div class=\"elementor-widget-wrap elementor-element-populated\">\r\n\t\t\t\t\t\t\t\t<div class=\"elementor-element elementor-element-94d5a5d elementor-widget elementor-widget-html\" data-id=\"94d5a5d\" data-element_type=\"widget\" data-widget_type=\"html.default\">\n\t\t\t\t<div class=\"elementor-widget-container\">\n\t\t\t <iframe loading=\"lazy\" src=\"https:\/\/widgets.libroreserve.com\/WEB\/QC015105862171\/book\" style=\"-webkit-filter: grayscale(100%);filter: grayscale(100%);\"\"border: 0px solid #333;\" width=\"300px\" height=\"900px\"><\/iframe>\n\t\t<\/div>\n\t\t\t\t<\/div>\n\t\t\t\t\t<\/div>\r\n\t\t\t\r\n\t\t<\/div>\r\n\t\t\t\t\t\t\t\t\t\t\t\t\t\t\t\t\t<\/div>\r\n\t\t\t\t\t\t\t<\/section>\r\n\t\t\t\t<div data-particle_enable=\"false\" data-particle-mobile-disabled=\"false\" class=\"elementor-section elementor-top-section elementor-element elementor-element-424d53a elementor-section-content-middle mt-10 mb-10 pb-9 pt-9 elementor-section-boxed elementor-section-height-default elementor-section-height-default\" data-id=\"424d53a\" data-element_type=\"section\">\r\n\t\t\t\t\t\t\t\t\t\t<div class=\"elementor-container elementor-column-gap-default\" >\r\n\t\t\t\t\t\t\t\t\t\t\r\n\t\t<div class=\"elementor-column elementor-col-50 elementor-top-column elementor-element elementor-element-5f89912\" data-id=\"5f89912\" data-element_type=\"column\">\r\n\t\t\t\r\n\t\t\t<div class=\"elementor-widget-wrap elementor-element-populated\">\r\n\t\t\t\t\t\t\t\t<div data-plugin=\"skrollr\" data-options=\"{&quot;data-bottom-top&quot;:&quot;transform: translate(0, 0) rotate(-144deg);&quot;,&quot;data-center&quot;:&quot;transform: translate(0, 0) rotate(0deg);&quot;}\" class=\"elementor-element elementor-element-c7bd27d elementor-invisible elementor-widget elementor-widget-image\" data-id=\"c7bd27d\" data-element_type=\"widget\" data-settings=\"{&quot;_animation&quot;:&quot;fadeIn&quot;}\" data-widget_type=\"image.default\">\n\t\t\t\t<div class=\"elementor-widget-container\">\n\t\t\t<style>\/*! elementor - v3.6.1 - 23-03-2022 *\/\n.elementor-widget-image{text-align:center}.elementor-widget-image a{display:inline-block}.elementor-widget-image a img[src$=\".svg\"]{width:48px}.elementor-widget-image img{vertical-align:middle;display:inline-block}<\/style>\t\t\t\t\t\t\t\t\t\t\t\t<img decoding=\"async\" width=\"1024\" height=\"995\" src=\"https:\/\/lecote.ca\/wp-content\/uploads\/2022\/02\/Plate-1024x995-1.png\" class=\"attachment-full size-full\" alt=\"\" srcset=\"https:\/\/lecote.ca\/wp-content\/uploads\/2022\/02\/Plate-1024x995-1.png 1024w, https:\/\/lecote.ca\/wp-content\/uploads\/2022\/02\/Plate-1024x995-1-300x292.png 300w, https:\/\/lecote.ca\/wp-content\/uploads\/2022\/02\/Plate-1024x995-1-768x746.png 768w, https:\/\/lecote.ca\/wp-content\/uploads\/2022\/02\/Plate-1024x995-1-12x12.png 12w, https:\/\/lecote.ca\/wp-content\/uploads\/2022\/02\/Plate-1024x995-1-150x146.png 150w\" sizes=\"(max-width: 1024px) 100vw, 1024px\" \/>\t\t\t\t\t\t\t\t\t\t\t\t\t\t\t<\/div>\n\t\t\t\t<\/div>\n\t\t\t\t\t<\/div>\r\n\t\t\t\r\n\t\t<\/div>\r\n\t\t\t\t\t\t\r\n\t\t<div class=\"elementor-column elementor-col-50 elementor-top-column elementor-element elementor-element-4c761ad pr-xl-8 animated-fast elementor-invisible\" data-id=\"4c761ad\" data-element_type=\"column\" data-settings=\"{&quot;animation&quot;:&quot;fadeInLeftShorter&quot;,&quot;animation_delay&quot;:900}\">\r\n\t\t\t\r\n\t\t\t<div class=\"elementor-widget-wrap elementor-element-populated\">\r\n\t\t\t\t\t\t\t\t<div class=\"elementor-element elementor-element-fcbe236 ml-auto mr-auto elementor-widget__width-initial elementor-widget elementor-widget-heading\" data-id=\"fcbe236\" data-element_type=\"widget\" data-widget_type=\"heading.default\">\n\t\t\t\t<div class=\"elementor-widget-container\">\n\t\t\t<style>\/*! elementor - v3.6.1 - 23-03-2022 *\/\n.elementor-heading-title{padding:0;margin:0;line-height:1}.elementor-widget-heading .elementor-heading-title[class*=elementor-size-]>a{color:inherit;font-size:inherit;line-height:inherit}.elementor-widget-heading .elementor-heading-title.elementor-size-small{font-size:15px}.elementor-widget-heading .elementor-heading-title.elementor-size-medium{font-size:19px}.elementor-widget-heading .elementor-heading-title.elementor-size-large{font-size:29px}.elementor-widget-heading .elementor-heading-title.elementor-size-xl{font-size:39px}.elementor-widget-heading .elementor-heading-title.elementor-size-xxl{font-size:59px}<\/style><p class=\"elementor-heading-title elementor-size-default\">Cet endroit a l'un des meilleurs steaks que j'ai jamais go\u00fbt\u00e9. La portion est vraiment bonne et le prix est juste. Nous avons eu un steak une escalope de boeuf une salade de crevettes pour une entr\u00e9e et une pinte de sangria, toutes les assiettes \u00e9taient faites et servies avec excellence . Nous \u00e9tions 2 et c'\u00e9tait environ 50$ par personne(totalement worth it). l'atmosph\u00e8re est charmante mais il est pr\u00e9f\u00e9rable de faire une r\u00e9servation avant.\n<\/p>\t\t<\/div>\n\t\t\t\t<\/div>\n\t\t\t\t<div class=\"elementor-element elementor-element-d9b126e elementor-widget elementor-widget-udesign_widget_testimonial_group\" data-id=\"d9b126e\" data-element_type=\"widget\" data-widget_type=\"udesign_widget_testimonial_group.default\">\n\t\t\t\t<div class=\"elementor-widget-container\">\n\t\t\t<div class=\"testimonial-group gutter-lg  row cols-lg-1 cols-md-1 cols-sm-1 cols-1\"><div class=\"widget-testimonial-wrap\"><blockquote class=\"testimonial testimonial-standard\" data-rating=\"5\"><div class=\"avatar\"><img decoding=\"async\" width=\"120\" height=\"120\" src=\"https:\/\/lecote.ca\/wp-content\/uploads\/2022\/02\/avatar.png\" class=\"attachment-full size-full\" alt=\"\" srcset=\"https:\/\/lecote.ca\/wp-content\/uploads\/2022\/02\/avatar.png 120w, https:\/\/lecote.ca\/wp-content\/uploads\/2022\/02\/avatar-12x12.png 12w\" sizes=\"(max-width: 120px) 100vw, 120px\" \/><\/div><div class=\"content\"><p class=\"comment\"><\/p><\/div><div class=\"ratings-container\"><div class=\"ratings-full star-rating\" style=\"letter-spacing: 3px;\"><span class=\"ratings\" style=\"width: calc(100% - 0px); letter-spacing: 3px;\"><\/span><\/div><\/div><cite><span class=\"name\">Samer Haidar<\/span><\/cite><\/blockquote><\/div><\/div>\t\t<\/div>\n\t\t\t\t<\/div>\n\t\t\t\t<div class=\"elementor-element elementor-element-aeda66e elementor-widget elementor-widget-spacer\" data-id=\"aeda66e\" data-element_type=\"widget\" data-widget_type=\"spacer.default\">\n\t\t\t\t<div class=\"elementor-widget-container\">\n\t\t\t\t\t<div class=\"elementor-spacer\">\n\t\t\t<div class=\"elementor-spacer-inner\"><\/div>\n\t\t<\/div>\n\t\t\t\t<\/div>\n\t\t\t\t<\/div>\n\t\t\t\t<div class=\"elementor-element elementor-element-510d4a2 elementor-widget elementor-widget-heading\" data-id=\"510d4a2\" data-element_type=\"widget\" data-widget_type=\"heading.default\">\n\t\t\t\t<div class=\"elementor-widget-container\">\n\t\t\t<h2 class=\"elementor-heading-title elementor-size-default\">Laissez-nous votre avis<\/h2>\t\t<\/div>\n\t\t\t\t<\/div>\n\t\t\t\t<div class=\"elementor-element elementor-element-5325530 elementor-widget elementor-widget-udesign_widget_button\" data-id=\"5325530\" data-element_type=\"widget\" data-widget_type=\"udesign_widget_button.default\">\n\t\t\t\t<div class=\"elementor-widget-container\">\n\t\t\t<a class=\"btn btn-outline btn-md btn-primary\" href=\"https:\/\/search.google.com\/local\/writereview?placeid=ChIJWREqptGqyUwRw-Cx66gOeMQ\" ><span >\u00c9CRIRE UN AVIS<\/span><\/a>\t\t<\/div>\n\t\t\t\t<\/div>\n\t\t\t\t\t<\/div>\r\n\t\t\t\r\n\t\t<\/div>\r\n\t\t\t\t\t\t\t\t\t\t\t\t\t\t\t\t\t<\/div>\r\n\t\t\t\t\t\t\t<\/div>\r\n\t\t\t\t\t\t\t<\/div>","protected":false},"excerpt":{"rendered":"<p>R\u00e9server au C\u00f4te Beloeil. Bienvenue au C\u00f4te de Beloeil. Nous vous invitons \u00e0 r\u00e9server en ligne \u00e0 l\u2019aide du formulaire ci-dessous ou encore \u00e0 communiquer avec nous par t\u00e9l\u00e9phone. Pour [&hellip;]<\/p>","protected":false},"author":1,"featured_media":0,"parent":0,"menu_order":0,"comment_status":"closed","ping_status":"closed","template":"elementor_header_footer","meta":{"footnotes":""},"class_list":["post-2594","page","type-page","status-publish","hentry"],"acf":[],"_links":{"self":[{"href":"https:\/\/lecote.ca\/fr\/wp-json\/wp\/v2\/pages\/2594","targetHints":{"allow":["GET"]}}],"collection":[{"href":"https:\/\/lecote.ca\/fr\/wp-json\/wp\/v2\/pages"}],"about":[{"href":"https:\/\/lecote.ca\/fr\/wp-json\/wp\/v2\/types\/page"}],"author":[{"embeddable":true,"href":"https:\/\/lecote.ca\/fr\/wp-json\/wp\/v2\/users\/1"}],"replies":[{"embeddable":true,"href":"https:\/\/lecote.ca\/fr\/wp-json\/wp\/v2\/comments?post=2594"}],"version-history":[{"count":62,"href":"https:\/\/lecote.ca\/fr\/wp-json\/wp\/v2\/pages\/2594\/revisions"}],"predecessor-version":[{"id":2685,"href":"https:\/\/lecote.ca\/fr\/wp-json\/wp\/v2\/pages\/2594\/revisions\/2685"}],"wp:attachment":[{"href":"https:\/\/lecote.ca\/fr\/wp-json\/wp\/v2\/media?parent=2594"}],"curies":[{"name":"wp","href":"https:\/\/api.w.org\/{rel}","templated":true}]}}