{"id":1125,"date":"2021-11-09T00:22:16","date_gmt":"2021-11-09T05:22:16","guid":{"rendered":"https:\/\/d-themes.com\/wordpress\/udesign\/dummy\/restaurant\/?page_id=1125"},"modified":"2024-06-11T09:08:16","modified_gmt":"2024-06-11T13:08:16","slug":"contact","status":"publish","type":"page","link":"https:\/\/lecote.ca\/fr\/contact\/","title":{"rendered":"Contact"},"content":{"rendered":"<div data-elementor-type=\"wp-page\" data-elementor-id=\"1125\" class=\"elementor elementor-1125\">\n\t\t\t\t\t\t\t\t\t<div data-particle_enable=\"false\" data-particle-mobile-disabled=\"false\" class=\"elementor-section elementor-top-section elementor-element elementor-element-8972402 elementor-section-full_width elementor-section-content-bottom elementor-section-height-default elementor-section-height-default\" data-id=\"8972402\" data-element_type=\"section\">\r\n\t\t\t\t\t\t\t\t\t\t<div class=\"elementor-container elementor-column-gap-no\" >\r\n\t\t\t\t\t\t\t\t\t\t\r\n\t\t<div class=\"elementor-column elementor-col-100 elementor-top-column elementor-element elementor-element-500002d\" data-id=\"500002d\" data-element_type=\"column\">\r\n\t\t\t\r\n\t\t\t<div class=\"elementor-widget-wrap elementor-element-populated\">\r\n\t\t\t\t\t\t\t\t<div class=\"elementor-element elementor-element-4a79d32 elementor-widget elementor-widget-udesign_widget_banner\" data-id=\"4a79d32\" data-element_type=\"widget\" data-widget_type=\"udesign_widget_banner.default\">\r\n\t\t\t\t<div class=\"elementor-widget-container\">\n\t\t\t<div class=\"banner banner-fixed parallax\" data-image-src=\"https:\/\/onzesurdix.ca\/lecote\/wp-content\/uploads\/2022\/02\/cote-cuisine-bar-463.jpg\" data-parallax-options='{\"speed\":1,\"parallaxHeight\":\"231%\",\"offset\":-152}'>\t<figure class=\"banner-img\">\r\n\t\t<img decoding=\"async\" width=\"2000\" height=\"1333\" src=\"https:\/\/lecote.ca\/wp-content\/uploads\/2022\/02\/cote-cuisine-bar-463.jpg\" class=\"attachment-full size-full\" alt=\"\" style=\"background-color:#050405\" srcset=\"https:\/\/lecote.ca\/wp-content\/uploads\/2022\/02\/cote-cuisine-bar-463.jpg 2000w, https:\/\/lecote.ca\/wp-content\/uploads\/2022\/02\/cote-cuisine-bar-463-300x200.jpg 300w, https:\/\/lecote.ca\/wp-content\/uploads\/2022\/02\/cote-cuisine-bar-463-1024x682.jpg 1024w, https:\/\/lecote.ca\/wp-content\/uploads\/2022\/02\/cote-cuisine-bar-463-768x512.jpg 768w, https:\/\/lecote.ca\/wp-content\/uploads\/2022\/02\/cote-cuisine-bar-463-391x260.jpg 391w, https:\/\/lecote.ca\/wp-content\/uploads\/2022\/02\/cote-cuisine-bar-463-1536x1024.jpg 1536w, https:\/\/lecote.ca\/wp-content\/uploads\/2022\/02\/cote-cuisine-bar-463-18x12.jpg 18w, https:\/\/lecote.ca\/wp-content\/uploads\/2022\/02\/cote-cuisine-bar-463-150x100.jpg 150w\" sizes=\"(max-width: 2000px) 100vw, 2000px\" \/>\t<\/figure>\r\n\t<div class=\"banner-content t-mc\"><\/div><\/div>\t\t<\/div>\n\t\t\t\t<\/div>\n\t\t\t\t\t<\/div>\r\n\t\t\t\r\n\t\t<\/div>\r\n\t\t\t\t\t\t\t\t\t\t\t\t\t\t\t\t\t<\/div>\r\n\t\t\t\t\t\t\t<\/div>\r\n\t\t\t\t<section data-particle_enable=\"false\" data-particle-mobile-disabled=\"false\" class=\"elementor-section elementor-top-section elementor-element elementor-element-8f36dbd pt-0 mb-10 pb-6 elementor-section-boxed elementor-section-height-default elementor-section-height-default\" data-id=\"8f36dbd\" data-element_type=\"section\">\r\n\t\t\t\t\t\t\t\t\t\t<div class=\"elementor-container elementor-column-gap-default\" >\r\n\t\t\t\t\t\t\t\t\t\t\r\n\t\t<div class=\"elementor-column elementor-col-100 elementor-top-column elementor-element elementor-element-0ceb950\" data-id=\"0ceb950\" data-element_type=\"column\">\r\n\t\t\t\r\n\t\t\t<div class=\"elementor-widget-wrap elementor-element-populated\">\r\n\t\t\t\t\t\t\t\t<div class=\"elementor-element elementor-element-7d3f0ec elementor-widget-divider--view-line_icon elementor-view-default elementor-widget-divider--element-align-center elementor-widget elementor-widget-divider\" data-id=\"7d3f0ec\" data-element_type=\"widget\" data-widget_type=\"divider.default\">\n\t\t\t\t<div class=\"elementor-widget-container\">\n\t\t\t<style>\/*! elementor - v3.6.1 - 23-03-2022 *\/\n.elementor-widget-divider{--divider-border-style:none;--divider-border-width:1px;--divider-color:#2c2c2c;--divider-icon-size:20px;--divider-element-spacing:10px;--divider-pattern-height:24px;--divider-pattern-size:20px;--divider-pattern-url:none;--divider-pattern-repeat:repeat-x}.elementor-widget-divider .elementor-divider{display:-webkit-box;display:-ms-flexbox;display:flex}.elementor-widget-divider .elementor-divider__text{font-size:15px;line-height:1;max-width:95%}.elementor-widget-divider .elementor-divider__element{margin:0 var(--divider-element-spacing);-ms-flex-negative:0;flex-shrink:0}.elementor-widget-divider .elementor-icon{font-size:var(--divider-icon-size)}.elementor-widget-divider .elementor-divider-separator{display:-webkit-box;display:-ms-flexbox;display:flex;margin:0;direction:ltr}.elementor-widget-divider--view-line_icon .elementor-divider-separator,.elementor-widget-divider--view-line_text .elementor-divider-separator{-webkit-box-align:center;-ms-flex-align:center;align-items:center}.elementor-widget-divider--view-line_icon .elementor-divider-separator:after,.elementor-widget-divider--view-line_icon .elementor-divider-separator:before,.elementor-widget-divider--view-line_text .elementor-divider-separator:after,.elementor-widget-divider--view-line_text .elementor-divider-separator:before{display:block;content:\"\";border-bottom:0;-webkit-box-flex:1;-ms-flex-positive:1;flex-grow:1;border-top:var(--divider-border-width) var(--divider-border-style) var(--divider-color)}.elementor-widget-divider--element-align-left .elementor-divider .elementor-divider-separator>.elementor-divider__svg:first-of-type{-webkit-box-flex:0;-ms-flex-positive:0;flex-grow:0;-ms-flex-negative:100;flex-shrink:100}.elementor-widget-divider--element-align-left .elementor-divider-separator:before{content:none}.elementor-widget-divider--element-align-left .elementor-divider__element{margin-left:0}.elementor-widget-divider--element-align-right .elementor-divider .elementor-divider-separator>.elementor-divider__svg:last-of-type{-webkit-box-flex:0;-ms-flex-positive:0;flex-grow:0;-ms-flex-negative:100;flex-shrink:100}.elementor-widget-divider--element-align-right .elementor-divider-separator:after{content:none}.elementor-widget-divider--element-align-right .elementor-divider__element{margin-right:0}.elementor-widget-divider:not(.elementor-widget-divider--view-line_text):not(.elementor-widget-divider--view-line_icon) .elementor-divider-separator{border-top:var(--divider-border-width) var(--divider-border-style) var(--divider-color)}.elementor-widget-divider--separator-type-pattern{--divider-border-style:none}.elementor-widget-divider--separator-type-pattern.elementor-widget-divider--view-line .elementor-divider-separator,.elementor-widget-divider--separator-type-pattern:not(.elementor-widget-divider--view-line) .elementor-divider-separator:after,.elementor-widget-divider--separator-type-pattern:not(.elementor-widget-divider--view-line) .elementor-divider-separator:before,.elementor-widget-divider--separator-type-pattern:not([class*=elementor-widget-divider--view]) .elementor-divider-separator{width:100%;min-height:var(--divider-pattern-height);-webkit-mask-size:var(--divider-pattern-size) 100%;mask-size:var(--divider-pattern-size) 100%;-webkit-mask-repeat:var(--divider-pattern-repeat);mask-repeat:var(--divider-pattern-repeat);background-color:var(--divider-color);-webkit-mask-image:var(--divider-pattern-url);mask-image:var(--divider-pattern-url)}.elementor-widget-divider--no-spacing{--divider-pattern-size:auto}.elementor-widget-divider--bg-round{--divider-pattern-repeat:round}.rtl .elementor-widget-divider .elementor-divider__text{direction:rtl}<\/style>\t\t<div class=\"elementor-divider\">\n\t\t\t<span class=\"elementor-divider-separator\">\n\t\t\t\t\t\t\t<div class=\"elementor-icon elementor-divider__element\">\n\t\t\t\t\t<i aria-hidden=\"true\" class=\"fas fa-star\"><\/i><\/div>\n\t\t\t\t\t\t<\/span>\n\t\t<\/div>\n\t\t\t\t<\/div>\n\t\t\t\t<\/div>\n\t\t\t\t<div class=\"duplex-widget elementor-element elementor-element-5bab757 elementor-widget elementor-widget-heading\" data-id=\"5bab757\" data-element_type=\"widget\" data-widget_type=\"heading.default\">\n\t\t\t\t<div class=\"elementor-widget-container\">\n\t\t\t<style>\/*! elementor - v3.6.1 - 23-03-2022 *\/\n.elementor-heading-title{padding:0;margin:0;line-height:1}.elementor-widget-heading .elementor-heading-title[class*=elementor-size-]>a{color:inherit;font-size:inherit;line-height:inherit}.elementor-widget-heading .elementor-heading-title.elementor-size-small{font-size:15px}.elementor-widget-heading .elementor-heading-title.elementor-size-medium{font-size:19px}.elementor-widget-heading .elementor-heading-title.elementor-size-large{font-size:29px}.elementor-widget-heading .elementor-heading-title.elementor-size-xl{font-size:39px}.elementor-widget-heading .elementor-heading-title.elementor-size-xxl{font-size:59px}<\/style><div class=\"duplex-wrap\">\r\n\t\t\t\t\t\t\t\t\t\t<span class=\"duplex duplex-text\">eastman<\/span>\r\n\t\t\t\t\t\t\t\t\t<\/div><h2 class=\"elementor-heading-title elementor-size-default\">EASTMAN<\/h2>\t\t<\/div>\n\t\t\t\t<\/div>\n\t\t\t\t<section data-particle_enable=\"false\" data-particle-mobile-disabled=\"false\" class=\"elementor-section elementor-inner-section elementor-element elementor-element-d4c7ab9 elementor-section-boxed elementor-section-height-default elementor-section-height-default\" data-id=\"d4c7ab9\" data-element_type=\"section\">\r\n\t\t\t\t\t\t\t\t\t\t<div class=\"elementor-container elementor-column-gap-default\" >\r\n\t\t\t\t\t\t\t\t\t\t\r\n\t\t<div class=\"elementor-column elementor-col-33 elementor-inner-column elementor-element elementor-element-cc1b201\" data-id=\"cc1b201\" data-element_type=\"column\">\r\n\t\t\t\r\n\t\t\t<div class=\"elementor-widget-wrap elementor-element-populated\">\r\n\t\t\t\t\t\t\t\t<div class=\"elementor-element elementor-element-0189503 elementor-widget elementor-widget-udesign_widget_iconbox\" data-id=\"0189503\" data-element_type=\"widget\" data-widget_type=\"udesign_widget_iconbox.default\">\n\t\t\t\t<div class=\"elementor-widget-container\">\n\t\t\t<div class=\"info-box position-top icon-default\"><a href=\"#\"><\/a><div class=\"info-box-feature\"><i class=\"u-icon-map-marker2\"><\/i><\/div><div class=\"info-box-content\"><h3 class=\"info-box-title\"><a href=\"#\">Eastman<\/a><\/h3><p class=\"info-box-desc\"><p>4 ch. George-Bonnallie, <br>\nEastman QC, J0E 1P0<\/p><\/p><\/div><\/div>\t\t<\/div>\n\t\t\t\t<\/div>\n\t\t\t\t\t<\/div>\r\n\t\t\t\r\n\t\t<\/div>\r\n\t\t\t\t\t\t\r\n\t\t<div class=\"elementor-column elementor-col-33 elementor-inner-column elementor-element elementor-element-5bf5932\" data-id=\"5bf5932\" data-element_type=\"column\">\r\n\t\t\t\r\n\t\t\t<div class=\"elementor-widget-wrap elementor-element-populated\">\r\n\t\t\t\t\t\t\t\t<div class=\"elementor-element elementor-element-f7e5ac4 elementor-widget elementor-widget-udesign_widget_iconbox\" data-id=\"f7e5ac4\" data-element_type=\"widget\" data-widget_type=\"udesign_widget_iconbox.default\">\n\t\t\t\t<div class=\"elementor-widget-container\">\n\t\t\t<div class=\"info-box position-top icon-default\"><a href=\"#\"><\/a><div class=\"info-box-feature\"><i class=\"u-icon-clock2\"><\/i><\/div><div class=\"info-box-content\"><h3 class=\"info-box-title\"><a href=\"#\">Heures d\u2019ouverture<\/a><\/h3><p class=\"info-box-desc\">\n<strong>L<\/strong>: Ferm\u00e9<br>\n<strong>M<\/strong>: Ferm\u00e9<br>\n<strong>M<\/strong>:  16h00 \u00e0 21h<br>\n<strong>J<\/strong>: 16h00 \u00e0 21h<br>\n<strong>V<\/strong>: 16h00 \u00e0 22h<br>\n<strong>S:<\/strong> 16h00 \u00e0 22h <br>\n<strong>D<\/strong>: 11h30 \u00e0 21h<br><br><\/p><\/div><\/div>\t\t<\/div>\n\t\t\t\t<\/div>\n\t\t\t\t\t<\/div>\r\n\t\t\t\r\n\t\t<\/div>\r\n\t\t\t\t\t\t\r\n\t\t<div class=\"elementor-column elementor-col-33 elementor-inner-column elementor-element elementor-element-021b7bc\" data-id=\"021b7bc\" data-element_type=\"column\">\r\n\t\t\t\r\n\t\t\t<div class=\"elementor-widget-wrap elementor-element-populated\">\r\n\t\t\t\t\t\t\t\t<div class=\"elementor-element elementor-element-8ba5526 e-transform elementor-widget elementor-widget-udesign_widget_iconbox\" data-id=\"8ba5526\" data-element_type=\"widget\" data-settings=\"{&quot;_transform_translateX_effect&quot;:{&quot;unit&quot;:&quot;px&quot;,&quot;size&quot;:&quot;&quot;,&quot;sizes&quot;:[]},&quot;_transform_translateX_effect_tablet&quot;:{&quot;unit&quot;:&quot;px&quot;,&quot;size&quot;:&quot;&quot;,&quot;sizes&quot;:[]},&quot;_transform_translateX_effect_mobile&quot;:{&quot;unit&quot;:&quot;px&quot;,&quot;size&quot;:&quot;&quot;,&quot;sizes&quot;:[]},&quot;_transform_translateY_effect&quot;:{&quot;unit&quot;:&quot;px&quot;,&quot;size&quot;:&quot;&quot;,&quot;sizes&quot;:[]},&quot;_transform_translateY_effect_tablet&quot;:{&quot;unit&quot;:&quot;px&quot;,&quot;size&quot;:&quot;&quot;,&quot;sizes&quot;:[]},&quot;_transform_translateY_effect_mobile&quot;:{&quot;unit&quot;:&quot;px&quot;,&quot;size&quot;:&quot;&quot;,&quot;sizes&quot;:[]}}\" data-widget_type=\"udesign_widget_iconbox.default\">\n\t\t\t\t<div class=\"elementor-widget-container\">\n\t\t\t<div class=\"info-box position-top icon-default\"><a href=\"tel: (450) 297-3737\"><\/a><div class=\"info-box-feature\"><i class=\"u-icon-phone2\"><\/i><\/div><div class=\"info-box-content\"><h3 class=\"info-box-title\"><a href=\"tel: (450) 297-3737\">T\u00e9l\u00e9phone<\/a><\/h3><p class=\"info-box-desc\">(450) 297-3737<\/p><\/div><\/div>\t\t<\/div>\n\t\t\t\t<\/div>\n\t\t\t\t\t<\/div>\r\n\t\t\t\r\n\t\t<\/div>\r\n\t\t\t\t\t\t\t\t\t\t\t\t\t\t\t\t\t<\/div>\r\n\t\t\t\t\t\t\t<\/section>\r\n\t\t\t\t<div class=\"elementor-element elementor-element-e1bdc54 elementor-widget elementor-widget-heading\" data-id=\"e1bdc54\" data-element_type=\"widget\" data-widget_type=\"heading.default\">\n\t\t\t\t<div class=\"elementor-widget-container\">\n\t\t\t<h2 class=\"elementor-heading-title elementor-size-default\">POUR TOUTE INFORMATION, N\u2019H\u00c9SITEZ PAS \u00c0 NOUS CONTACTER!<\/h2>\t\t<\/div>\n\t\t\t\t<\/div>\n\t\t\t\t<div class=\"controls-rounded elementor-element elementor-element-28d11a2 elementor-widget elementor-widget-wpforms\" data-id=\"28d11a2\" data-element_type=\"widget\" data-widget_type=\"wpforms.default\">\n\t\t\t\t<div class=\"elementor-widget-container\">\n\t\t\t<div class=\"wpforms-container wpforms-container-full wpf-center\" id=\"wpforms-1184\"><form id=\"wpforms-form-1184\" class=\"wpforms-validate wpforms-form\" data-formid=\"1184\" method=\"post\" enctype=\"multipart\/form-data\" action=\"\/fr\/wp-json\/wp\/v2\/pages\/1125\" data-token=\"bcaed3d68837b2947e0a98407a7a26b9\" data-trp-original-action=\"\/fr\/wp-json\/wp\/v2\/pages\/1125\"><noscript class=\"wpforms-error-noscript\">Please enable JavaScript in your browser to complete this form.<\/noscript><div class=\"wpforms-field-container\"><div id=\"wpforms-1184-field_1-container\" class=\"wpforms-field wpforms-field-name\" data-field-id=\"1\"><label class=\"wpforms-field-label\" for=\"wpforms-1184-field_1\">Nom et Pr\u00e9nom <span class=\"wpforms-required-label\">*<\/span><\/label><div class=\"wpforms-field-row wpforms-field-large\"><div class=\"wpforms-field-row-block wpforms-first wpforms-one-half\"><input type=\"text\" id=\"wpforms-1184-field_1\" class=\"wpforms-field-name-first wpforms-field-required\" name=\"wpforms[fields][1][first]\" placeholder=\"Nom\" required><label for=\"wpforms-1184-field_1\" class=\"wpforms-field-sublabel after wpforms-sublabel-hide\">First<\/label><\/div><div class=\"wpforms-field-row-block wpforms-one-half\"><input type=\"text\" id=\"wpforms-1184-field_1-last\" class=\"wpforms-field-name-last wpforms-field-required\" name=\"wpforms[fields][1][last]\" placeholder=\"Pr\u00e9nom\" required><label for=\"wpforms-1184-field_1-last\" class=\"wpforms-field-sublabel after wpforms-sublabel-hide\">Last<\/label><\/div><\/div><\/div><div id=\"wpforms-1184-field_4-container\" class=\"wpforms-field wpforms-field-radio wpforms-conditional-trigger\" data-field-id=\"4\"><label class=\"wpforms-field-label\" for=\"wpforms-1184-field_4\">Comment pr\u00e9f\u00e9rez-vous \u00eatre contact\u00e9 <\/label><ul id=\"wpforms-1184-field_4\"><li class=\"choice-1 depth-1\"><input type=\"radio\" id=\"wpforms-1184-field_4_1\" name=\"wpforms[fields][4]\" value=\"T\u00e9l\u00e9phone\"  ><label class=\"wpforms-field-label-inline\" for=\"wpforms-1184-field_4_1\">T\u00e9l\u00e9phone<\/label><\/li><li class=\"choice-2 depth-1\"><input type=\"radio\" id=\"wpforms-1184-field_4_2\" name=\"wpforms[fields][4]\" value=\"Courriel\"  ><label class=\"wpforms-field-label-inline\" for=\"wpforms-1184-field_4_2\">Courriel<\/label><\/li><\/ul><\/div><div id=\"wpforms-1184-field_2-container\" class=\"wpforms-field wpforms-field-email wpforms-conditional-field wpforms-conditional-show\" data-field-id=\"2\" style=\"display:none;\"><label class=\"wpforms-field-label\" for=\"wpforms-1184-field_2\">Courriel <span class=\"wpforms-required-label\">*<\/span><\/label><input type=\"email\" id=\"wpforms-1184-field_2\" class=\"wpforms-field-medium wpforms-field-required\" name=\"wpforms[fields][2]\" required><\/div><div id=\"wpforms-1184-field_3-container\" class=\"wpforms-field wpforms-field-phone wpforms-conditional-field wpforms-conditional-show\" data-field-id=\"3\" style=\"display:none;\"><label class=\"wpforms-field-label\" for=\"wpforms-1184-field_3\">T\u00e9l\u00e9phone <span class=\"wpforms-required-label\">*<\/span><\/label><input type=\"tel\" id=\"wpforms-1184-field_3\" class=\"wpforms-field-medium wpforms-field-required wpforms-smart-phone-field\" data-rule-smart-phone-field=\"true\" name=\"wpforms[fields][3]\" required><\/div><div id=\"wpforms-1184-field_9-container\" class=\"wpforms-field wpforms-field-textarea\" data-field-id=\"9\"><label class=\"wpforms-field-label\" for=\"wpforms-1184-field_9\">Message<\/label><textarea id=\"wpforms-1184-field_9\" class=\"wpforms-field-medium\" name=\"wpforms[fields][9]\" ><\/textarea><\/div><\/div><div class=\"wpforms-recaptcha-container wpforms-is-recaptcha\"><div class=\"g-recaptcha\" data-sitekey=\"6LdgfAQlAAAAAFvC3jCL7JsxJtGIiHDzPzQ-6Sj5\" data-size=\"invisible\"><\/div><\/div><div class=\"wpforms-submit-container\"><input type=\"hidden\" name=\"wpforms[id]\" value=\"1184\"><input type=\"hidden\" name=\"wpforms[author]\" value=\"1\"><button type=\"submit\" name=\"wpforms[submit]\" id=\"wpforms-submit-1184\" class=\"wpforms-submit btn-boxshadow p-relative\" data-alt-text=\"Sending...\" data-submit-text=\"Envoyer\" aria-live=\"assertive\" value=\"wpforms-submit\">Envoyer<\/button><\/div><input type=\"hidden\" name=\"trp-form-language\" value=\"fr\"\/><\/form><\/div>  <!-- .wpforms-container -->\t\t<\/div>\n\t\t\t\t<\/div>\n\t\t\t\t\t<\/div>\r\n\t\t\t\r\n\t\t<\/div>\r\n\t\t\t\t\t\t\t\t\t\t\t\t\t\t\t\t\t<\/div>\r\n\t\t\t\t\t\t\t<\/section>\r\n\t\t\t\t<div data-particle_enable=\"false\" data-particle-mobile-disabled=\"false\" class=\"elementor-section elementor-top-section elementor-element elementor-element-41fd618 elementor-section-full_width elementor-section-height-default elementor-section-height-default\" data-id=\"41fd618\" data-element_type=\"section\">\r\n\t\t\t\t\t\t\t\t\t\t<div class=\"elementor-container elementor-column-gap-no\" >\r\n\t\t\t\t\t\t\t\t\t\t\r\n\t\t<div class=\"elementor-column elementor-col-100 elementor-top-column elementor-element elementor-element-9627cae\" data-id=\"9627cae\" data-element_type=\"column\">\r\n\t\t\t\r\n\t\t\t<div class=\"elementor-widget-wrap elementor-element-populated\">\r\n\t\t\t\t\t\t\t\t<div class=\"elementor-element elementor-element-137c767 elementor-widget elementor-widget-udesign_widget_banner\" data-id=\"137c767\" data-element_type=\"widget\" data-widget_type=\"udesign_widget_banner.default\">\r\n\t\t\t\t<div class=\"elementor-widget-container\">\n\t\t\t<div class=\"banner banner-fixed parallax\" data-image-src=\"https:\/\/onzesurdix.ca\/lecote\/wp-content\/uploads\/2022\/02\/cote-cuisine-bar-524-scaled.jpg\" data-parallax-options='{\"speed\":1,\"parallaxHeight\":\"231%\",\"offset\":-152}'>\t<figure class=\"banner-img\">\r\n\t\t<img decoding=\"async\" width=\"2560\" height=\"1268\" src=\"https:\/\/lecote.ca\/wp-content\/uploads\/2022\/02\/cote-cuisine-bar-524-scaled.jpg\" class=\"attachment-full size-full\" alt=\"\" style=\"background-color:#050405\" srcset=\"https:\/\/lecote.ca\/wp-content\/uploads\/2022\/02\/cote-cuisine-bar-524-scaled.jpg 2560w, https:\/\/lecote.ca\/wp-content\/uploads\/2022\/02\/cote-cuisine-bar-524-300x149.jpg 300w, https:\/\/lecote.ca\/wp-content\/uploads\/2022\/02\/cote-cuisine-bar-524-1024x507.jpg 1024w, https:\/\/lecote.ca\/wp-content\/uploads\/2022\/02\/cote-cuisine-bar-524-768x380.jpg 768w, https:\/\/lecote.ca\/wp-content\/uploads\/2022\/02\/cote-cuisine-bar-524-1536x761.jpg 1536w, https:\/\/lecote.ca\/wp-content\/uploads\/2022\/02\/cote-cuisine-bar-524-2048x1014.jpg 2048w, https:\/\/lecote.ca\/wp-content\/uploads\/2022\/02\/cote-cuisine-bar-524-18x9.jpg 18w, https:\/\/lecote.ca\/wp-content\/uploads\/2022\/02\/cote-cuisine-bar-524-150x74.jpg 150w\" sizes=\"(max-width: 2560px) 100vw, 2560px\" \/>\t<\/figure>\r\n\t<div class=\"banner-content t-mc\"><\/div><\/div>\t\t<\/div>\n\t\t\t\t<\/div>\n\t\t\t\t<div class=\"elementor-element elementor-element-f927a26 elementor-widget elementor-widget-spacer\" data-id=\"f927a26\" data-element_type=\"widget\" data-widget_type=\"spacer.default\">\n\t\t\t\t<div class=\"elementor-widget-container\">\n\t\t\t<style>\/*! elementor - v3.6.1 - 23-03-2022 *\/\n.e-container.e-container--row .elementor-spacer-inner{width:var(--spacer-size)}.e-container.e-container--column .elementor-spacer-inner,.elementor-column .elementor-spacer-inner{height:var(--spacer-size)}<\/style>\t\t<div class=\"elementor-spacer\">\n\t\t\t<div class=\"elementor-spacer-inner\"><\/div>\n\t\t<\/div>\n\t\t\t\t<\/div>\n\t\t\t\t<\/div>\n\t\t\t\t\t<\/div>\r\n\t\t\t\r\n\t\t<\/div>\r\n\t\t\t\t\t\t\t\t\t\t\t\t\t\t\t\t\t<\/div>\r\n\t\t\t\t\t\t\t<\/div>\r\n\t\t\t\t\t\t\t<\/div>","protected":false},"excerpt":{"rendered":"<p>eastman EASTMAN Eastman 4 ch. George-Bonnallie, Eastman QC, J0E 1P0 Heures d\u2019ouverture L: Ferm\u00e9 M: Ferm\u00e9 M: 16h00 \u00e0 21h J: 16h00 \u00e0 21h V: 16h00 \u00e0 22h S: 16h00 [&hellip;]<\/p>","protected":false},"author":1,"featured_media":0,"parent":0,"menu_order":0,"comment_status":"closed","ping_status":"closed","template":"","meta":{"footnotes":""},"class_list":["post-1125","page","type-page","status-publish","hentry"],"acf":[],"_links":{"self":[{"href":"https:\/\/lecote.ca\/fr\/wp-json\/wp\/v2\/pages\/1125","targetHints":{"allow":["GET"]}}],"collection":[{"href":"https:\/\/lecote.ca\/fr\/wp-json\/wp\/v2\/pages"}],"about":[{"href":"https:\/\/lecote.ca\/fr\/wp-json\/wp\/v2\/types\/page"}],"author":[{"embeddable":true,"href":"https:\/\/lecote.ca\/fr\/wp-json\/wp\/v2\/users\/1"}],"replies":[{"embeddable":true,"href":"https:\/\/lecote.ca\/fr\/wp-json\/wp\/v2\/comments?post=1125"}],"version-history":[{"count":118,"href":"https:\/\/lecote.ca\/fr\/wp-json\/wp\/v2\/pages\/1125\/revisions"}],"predecessor-version":[{"id":4161,"href":"https:\/\/lecote.ca\/fr\/wp-json\/wp\/v2\/pages\/1125\/revisions\/4161"}],"wp:attachment":[{"href":"https:\/\/lecote.ca\/fr\/wp-json\/wp\/v2\/media?parent=1125"}],"curies":[{"name":"wp","href":"https:\/\/api.w.org\/{rel}","templated":true}]}}